{"id":334,"date":"2022-06-01T17:30:57","date_gmt":"2022-06-01T15:30:57","guid":{"rendered":"https:\/\/neuchatel-fr.adventiste.ch\/?page_id=334"},"modified":"2025-12-10T03:34:40","modified_gmt":"2025-12-10T02:34:40","slug":"evenements-en-suisse","status":"publish","type":"page","link":"https:\/\/neuchatel-fr.adventiste.ch\/?page_id=334","title":{"rendered":"Ev\u00e9nements en Suisse"},"content":{"rendered":"<div id=\"pl-334\"  class=\"panel-layout\" ><div id=\"pg-334-0\"  class=\"panel-grid panel-no-style\" ><div id=\"pgc-334-0-0\"  class=\"panel-grid-cell\" ><div id=\"panel-334-0-0-0\" class=\"so-panel widget widget_sow-editor panel-first-child\" data-index=\"0\" ><div\n\t\t\t\n\t\t\tclass=\"so-widget-sow-editor so-widget-sow-editor-base\"\n\t\t\t\n\t\t>\n<div class=\"siteorigin-widget-tinymce textwidget\">\n\t<h1 style=\"text-align: center;\">Ev\u00e9nements propos\u00e9s par l'\u00e9glise adventiste en Suisse romande<\/h1>\n<\/div>\n<\/div><\/div><div id=\"panel-334-0-0-1\" class=\"so-panel widget widget_sow-image panel-last-child\" data-index=\"1\" ><div class=\"block_evenement panel-widget-style panel-widget-style-for-334-0-0-1\" ><div\n\t\t\t\n\t\t\tclass=\"so-widget-sow-image so-widget-sow-image-default-113ccd71f3e6-334\"\n\t\t\t\n\t\t><h3 class=\"widget-title\">150 ans<\/h3>\n<div class=\"sow-image-container\">\n\t\t\t<a href=\"https:\/\/neuchatel-fr.adventiste.ch\/wp-content\/uploads\/2024\/02\/2024-07-06-Assemblee-150-ans.jpg\"\n\t\t\ttarget=\"_blank\" rel=\"noopener noreferrer\" \t\t>\n\t\t\t<img \n\tsrc=\"https:\/\/neuchatel-fr.adventiste.ch\/wp-content\/uploads\/2024\/02\/2024-07-06-Assemblee-150-ans.jpg\" width=\"990\" height=\"1400\" srcset=\"https:\/\/neuchatel-fr.adventiste.ch\/wp-content\/uploads\/2024\/02\/2024-07-06-Assemblee-150-ans.jpg 990w, https:\/\/neuchatel-fr.adventiste.ch\/wp-content\/uploads\/2024\/02\/2024-07-06-Assemblee-150-ans-212x300.jpg 212w, https:\/\/neuchatel-fr.adventiste.ch\/wp-content\/uploads\/2024\/02\/2024-07-06-Assemblee-150-ans-724x1024.jpg 724w, https:\/\/neuchatel-fr.adventiste.ch\/wp-content\/uploads\/2024\/02\/2024-07-06-Assemblee-150-ans-768x1086.jpg 768w\" sizes=\"(max-width: 990px) 100vw, 990px\" title=\"150 ans\" alt=\"\" rel=\"Cliquer sur l&#039;affiche pour plus d&#039;infos\" \t\tclass=\"so-widget-image\"\/>\n\t\t\t<\/a><\/div>\n\n<\/div><\/div><\/div><\/div><\/div><\/div>","protected":false},"excerpt":{"rendered":"<p>Ev\u00e9nements propos\u00e9s par l&rsquo;\u00e9glise adventiste en Suisse romande<\/p>\n","protected":false},"author":2,"featured_media":0,"parent":0,"menu_order":0,"comment_status":"closed","ping_status":"closed","template":"home-panels.php","meta":{"footnotes":""},"class_list":["post-334","page","type-page","status-publish","hentry","post"],"_links":{"self":[{"href":"https:\/\/neuchatel-fr.adventiste.ch\/index.php?rest_route=\/wp\/v2\/pages\/334","targetHints":{"allow":["GET"]}}],"collection":[{"href":"https:\/\/neuchatel-fr.adventiste.ch\/index.php?rest_route=\/wp\/v2\/pages"}],"about":[{"href":"https:\/\/neuchatel-fr.adventiste.ch\/index.php?rest_route=\/wp\/v2\/types\/page"}],"author":[{"embeddable":true,"href":"https:\/\/neuchatel-fr.adventiste.ch\/index.php?rest_route=\/wp\/v2\/users\/2"}],"replies":[{"embeddable":true,"href":"https:\/\/neuchatel-fr.adventiste.ch\/index.php?rest_route=%2Fwp%2Fv2%2Fcomments&post=334"}],"version-history":[{"count":7,"href":"https:\/\/neuchatel-fr.adventiste.ch\/index.php?rest_route=\/wp\/v2\/pages\/334\/revisions"}],"predecessor-version":[{"id":2273,"href":"https:\/\/neuchatel-fr.adventiste.ch\/index.php?rest_route=\/wp\/v2\/pages\/334\/revisions\/2273"}],"wp:attachment":[{"href":"https:\/\/neuchatel-fr.adventiste.ch\/index.php?rest_route=%2Fwp%2Fv2%2Fmedia&parent=334"}],"curies":[{"name":"wp","href":"https:\/\/api.w.org\/{rel}","templated":true}]}}